{"id":130,"date":"2025-01-22T22:06:21","date_gmt":"2025-01-22T22:06:21","guid":{"rendered":"https:\/\/selami-tv.com\/?page_id=130"},"modified":"2026-03-16T11:06:20","modified_gmt":"2026-03-16T11:06:20","slug":"agb","status":"publish","type":"page","link":"https:\/\/selami-tv.com\/en\/agb\/","title":{"rendered":"Terms and conditions"},"content":{"rendered":"\t\t<div data-elementor-type=\"wp-page\" data-elementor-id=\"130\" class=\"elementor elementor-130\" data-elementor-post-type=\"page\">\n\t\t\t\t<div data-particle_enable=\"false\" data-particle-mobile-disabled=\"false\" class=\"elementor-element elementor-element-88b32f9 e-flex e-con-boxed e-con e-parent\" data-id=\"88b32f9\" data-element_type=\"container\" data-e-type=\"container\">\n\t\t\t\t\t<div class=\"e-con-inner\">\n\t\t\t\t<div class=\"elementor-element elementor-element-685acb9 elementor-widget elementor-widget-heading\" data-id=\"685acb9\" data-element_type=\"widget\" data-e-type=\"widget\" data-widget_type=\"heading.default\">\n\t\t\t\t<div class=\"elementor-widget-container\">\n\t\t\t\t\t<h2 class=\"elementor-heading-title elementor-size-default\">AGB<\/h2>\t\t\t\t<\/div>\n\t\t\t\t<\/div>\n\t\t\t\t<div class=\"elementor-element elementor-element-bfb25d7 elementor-widget elementor-widget-text-editor\" data-id=\"bfb25d7\" data-element_type=\"widget\" data-e-type=\"widget\" data-widget_type=\"text-editor.default\">\n\t\t\t\t<div class=\"elementor-widget-container\">\n\t\t\t\t\t\t\t\t\t<h1 data-section-id=\"nerbhd\" data-start=\"310\" data-end=\"349\">Allgemeine Gesch\u00e4ftsbedingungen (AGB)<\/h1><h2 data-section-id=\"1yhkycd\" data-start=\"351\" data-end=\"372\">1. Geltungsbereich<\/h2><p data-start=\"374\" data-end=\"564\">Diese Allgemeinen Gesch\u00e4ftsbedingungen (AGB) gelten f\u00fcr alle Bestellungen, die Verbraucher im Sinne von \u00a7 13 des <span class=\"hover:entity-accent entity-underline inline cursor-pointer align-baseline\"><span class=\"whitespace-normal\">B\u00fcrgerliches Gesetzbuch<\/span><\/span> (BGB) \u00fcber unseren Online-Shop t\u00e4tigen.<\/p><p data-start=\"566\" data-end=\"766\">Verbraucher ist jede nat\u00fcrliche Person, die ein Rechtsgesch\u00e4ft zu Zwecken abschlie\u00dft, die \u00fcberwiegend weder ihrer gewerblichen noch ihrer selbst\u00e4ndigen beruflichen T\u00e4tigkeit zugerechnet werden k\u00f6nnen.<\/p><hr data-start=\"768\" data-end=\"771\" \/><h1 data-section-id=\"1gidfom\" data-start=\"773\" data-end=\"793\">2. Vertragspartner<\/h1><p data-start=\"795\" data-end=\"830\">Der Kaufvertrag kommt zustande mit:<\/p><p data-start=\"832\" data-end=\"906\">Selami TV<br data-start=\"841\" data-end=\"844\" \/>c\/o COCENTER<br data-start=\"856\" data-end=\"859\" \/>Koppoldstra\u00dfe 1<br data-start=\"874\" data-end=\"877\" \/>86551 Aichach<br data-start=\"890\" data-end=\"893\" \/>Deutschland<\/p><p data-start=\"908\" data-end=\"942\">E-Mail: [E-Mail-Adresse eintragen]<\/p><hr data-start=\"944\" data-end=\"947\" \/><h1 data-section-id=\"1fzm7ez\" data-start=\"949\" data-end=\"971\">3. Vertragsabschluss<\/h1><p data-start=\"973\" data-end=\"1118\">Die Darstellung der Produkte im Online-Shop stellt kein rechtlich bindendes Angebot dar, sondern eine unverbindliche Aufforderung zur Bestellung.<\/p><p data-start=\"1120\" data-end=\"1232\">Durch Anklicken des Bestellbuttons geben Sie eine verbindliche Bestellung der im Warenkorb enthaltenen Waren ab.<\/p><p data-start=\"1234\" data-end=\"1384\">Die Best\u00e4tigung des Eingangs der Bestellung erfolgt unmittelbar nach dem Absenden der Bestellung per E-Mail und stellt noch keine Vertragsannahme dar.<\/p><p data-start=\"1386\" data-end=\"1432\">Der Kaufvertrag kommt erst zustande, wenn wir:<\/p><ul data-start=\"1434\" data-end=\"1535\"><li data-section-id=\"1v3851c\" data-start=\"1434\" data-end=\"1488\"><p data-start=\"1436\" data-end=\"1488\">eine Auftragsbest\u00e4tigung per E-Mail versenden oder<\/p><\/li><li data-section-id=\"17m1118\" data-start=\"1489\" data-end=\"1535\"><p data-start=\"1491\" data-end=\"1535\">die Ware innerhalb von f\u00fcnf Tagen versenden.<\/p><\/li><\/ul><hr data-start=\"1537\" data-end=\"1540\" \/><h1 data-section-id=\"1frsjxm\" data-start=\"1542\" data-end=\"1571\">4. Preise und Versandkosten<\/h1><p data-start=\"1573\" data-end=\"1679\">Alle auf den Produktseiten angegebenen Preise sind Endpreise und enthalten die gesetzliche Mehrwertsteuer.<\/p><p data-start=\"1681\" data-end=\"1803\">Zus\u00e4tzlich zu den angegebenen Preisen k\u00f6nnen Versandkosten anfallen. Diese werden im Bestellprozess gesondert ausgewiesen.<\/p><hr data-start=\"1805\" data-end=\"1808\" \/><h1 data-section-id=\"1h6idcg\" data-start=\"1810\" data-end=\"1824\">5. Lieferung<\/h1><p data-start=\"1826\" data-end=\"1886\">Die Lieferung erfolgt ausschlie\u00dflich innerhalb Deutschlands.<\/p><p data-start=\"1888\" data-end=\"1969\">Die Lieferzeit betr\u00e4gt, sofern nicht anders angegeben, etwa <strong data-start=\"1948\" data-end=\"1968\">3 bis 7 Werktage<\/strong>.<\/p><p data-start=\"1971\" data-end=\"2039\">Der Versand erfolgt in der Regel \u00fcber folgende Versanddienstleister:<\/p><ul data-start=\"2041\" data-end=\"2124\"><li data-section-id=\"1gcjogl\" data-start=\"2041\" data-end=\"2082\"><p data-start=\"2043\" data-end=\"2082\"><span class=\"hover:entity-accent entity-underline inline cursor-pointer align-baseline\"><span class=\"whitespace-normal\">DHL<\/span><\/span><\/p><\/li><li data-section-id=\"cgv1px\" data-start=\"2083\" data-end=\"2124\"><p data-start=\"2085\" data-end=\"2124\"><span class=\"hover:entity-accent entity-underline inline cursor-pointer align-baseline\"><span class=\"whitespace-normal\">Deutsche Post<\/span><\/span><\/p><\/li><\/ul><p data-start=\"2126\" data-end=\"2260\">Sollten nicht alle bestellten Produkte vorr\u00e4tig sein, sind wir zu Teillieferungen berechtigt, soweit dies f\u00fcr den Kunden zumutbar ist.<\/p><hr data-start=\"2262\" data-end=\"2265\" \/><h2 data-section-id=\"1ewc9tg\" data-start=\"2267\" data-end=\"2297\">Nicht angenommene Sendungen<\/h2><p data-start=\"2299\" data-end=\"2576\">Sollte ein Paket an uns zur\u00fcckgesendet werden, weil es vom K\u00e4ufer nicht angenommen oder nicht rechtzeitig bei der Zustellstelle abgeholt wurde und kein Widerruf erkl\u00e4rt wurde, behalten wir uns vor, die entstandenen Versand- und R\u00fccksendekosten vom Erstattungsbetrag abzuziehen.<\/p><p data-start=\"2578\" data-end=\"2690\">Auf Wunsch kann die Bestellung erneut versendet werden. Die hierf\u00fcr entstehenden Versandkosten tr\u00e4gt der K\u00e4ufer.<\/p><p data-start=\"2692\" data-end=\"2759\">Die gesetzlichen Rechte des Verbrauchers bleiben hiervon unber\u00fchrt.<\/p><hr data-start=\"2761\" data-end=\"2764\" \/><h1 data-section-id=\"jpdxtp\" data-start=\"2766\" data-end=\"2778\">6. Zahlung<\/h1><p data-start=\"2780\" data-end=\"2854\">In unserem Shop stehen grunds\u00e4tzlich folgende Zahlungsarten zur Verf\u00fcgung:<\/p><ul data-start=\"2856\" data-end=\"2989\"><li data-section-id=\"1nboakf\" data-start=\"2856\" data-end=\"2910\"><p data-start=\"2858\" data-end=\"2910\">Zahlung \u00fcber <span class=\"hover:entity-accent entity-underline inline cursor-pointer align-baseline\"><span class=\"whitespace-normal\">PayPal<\/span><\/span><\/p><\/li><li data-section-id=\"40okf3\" data-start=\"2911\" data-end=\"2965\"><p data-start=\"2913\" data-end=\"2965\">Zahlung \u00fcber <span class=\"hover:entity-accent entity-underline inline cursor-pointer align-baseline\"><span class=\"whitespace-normal\">Klarna Bank AB<\/span><\/span><\/p><\/li><li data-section-id=\"ctbwmh\" data-start=\"2966\" data-end=\"2989\"><p data-start=\"2968\" data-end=\"2989\">Kreditkartenzahlung<\/p><\/li><\/ul><p data-start=\"2991\" data-end=\"3102\">Die Zahlung erfolgt unmittelbar mit Abschluss der Bestellung, sofern keine andere Zahlungsart vereinbart wurde.<\/p><hr data-start=\"3104\" data-end=\"3107\" \/><h1 data-section-id=\"1pmuot\" data-start=\"3109\" data-end=\"3132\">7. Eigentumsvorbehalt<\/h1><p data-start=\"3134\" data-end=\"3197\">Die Ware bleibt bis zur vollst\u00e4ndigen Bezahlung unser Eigentum.<\/p><hr data-start=\"3199\" data-end=\"3202\" \/><h1 data-section-id=\"4npqo0\" data-start=\"3204\" data-end=\"3223\">8. Gew\u00e4hrleistung<\/h1><p data-start=\"3225\" data-end=\"3334\">Es gilt das gesetzliche M\u00e4ngelhaftungsrecht gem\u00e4\u00df den Vorschriften des <span class=\"hover:entity-accent entity-underline inline cursor-pointer align-baseline\"><span class=\"whitespace-normal\">B\u00fcrgerliches Gesetzbuch<\/span><\/span>.<\/p><p data-start=\"3336\" data-end=\"3465\">Sollten Transportsch\u00e4den auftreten, bitten wir Sie, diese m\u00f6glichst sofort beim Zusteller zu reklamieren und uns zu kontaktieren.<\/p><p data-start=\"3467\" data-end=\"3578\">Die Vers\u00e4umung einer Reklamation hat jedoch <strong data-start=\"3511\" data-end=\"3577\">keine Auswirkungen auf Ihre gesetzlichen Gew\u00e4hrleistungsrechte<\/strong>.<\/p><hr data-start=\"3580\" data-end=\"3583\" \/><h1 data-section-id=\"3wo2g6\" data-start=\"3585\" data-end=\"3604\">9. Widerrufsrecht<\/h1><p data-start=\"3606\" data-end=\"3659\">Verbrauchern steht das gesetzliche Widerrufsrecht zu.<\/p><p data-start=\"3661\" data-end=\"3798\">Die Einzelheiten zum Widerrufsrecht ergeben sich aus unserer <strong data-start=\"3722\" data-end=\"3744\">Widerrufsbelehrung<\/strong>, die auf einer gesonderten Seite bereitgestellt wird.<\/p><hr data-start=\"3800\" data-end=\"3803\" \/><h1 data-section-id=\"1ls47i2\" data-start=\"3805\" data-end=\"3833\">10. Online-Streitbeilegung<\/h1><p data-start=\"3835\" data-end=\"3923\">Die Europ\u00e4ische Kommission stellt eine Plattform zur Online-Streitbeilegung (OS) bereit:<\/p><p data-start=\"3925\" data-end=\"3959\"><a class=\"decorated-link\" href=\"https:\/\/ec.europa.eu\/consumers\/odr\" target=\"_new\" rel=\"noopener\" data-start=\"3925\" data-end=\"3959\">https:\/\/ec.europa.eu\/consumers\/odr<\/a><\/p><p data-start=\"3961\" data-end=\"4089\">Wir sind nicht verpflichtet und nicht bereit, an Streitbeilegungsverfahren vor einer Verbraucherschlichtungsstelle teilzunehmen.<\/p><hr data-start=\"4091\" data-end=\"4094\" \/><h1 data-section-id=\"11uyqgg\" data-start=\"4096\" data-end=\"4119\">11. Anwendbares Recht<\/h1><p data-start=\"4121\" data-end=\"4271\">F\u00fcr s\u00e4mtliche Rechtsbeziehungen zwischen dem Anbieter und dem Kunden gilt das Recht der Bundesrepublik Deutschland unter Ausschluss des UN-Kaufrechts.<\/p><hr data-start=\"4273\" data-end=\"4276\" \/><h1 data-section-id=\"1vwtktw\" data-start=\"4278\" data-end=\"4303\">12. Schlussbestimmungen<\/h1><p data-start=\"4305\" data-end=\"4481\">Sollten einzelne Bestimmungen dieser Allgemeinen Gesch\u00e4ftsbedingungen ganz oder teilweise unwirksam sein oder werden, bleibt die Wirksamkeit der \u00fcbrigen Bestimmungen unber\u00fchrt.<\/p>\t\t\t\t\t\t\t\t<\/div>\n\t\t\t\t<\/div>\n\t\t\t\t\t<\/div>\n\t\t\t\t<\/div>\n\t\t\t\t<\/div>\n\t\t","protected":false},"excerpt":{"rendered":"<p>AGB Allgemeine Gesch\u00e4ftsbedingungen (AGB) 1. Geltungsbereich Diese Allgemeinen Gesch\u00e4ftsbedingungen (AGB) gelten f\u00fcr alle Bestellungen, die Verbraucher im Sinne von \u00a7 13 des B\u00fcrgerliches Gesetzbuch (BGB) \u00fcber unseren Online-Shop t\u00e4tigen. Verbraucher ist jede nat\u00fcrliche Person, die ein Rechtsgesch\u00e4ft zu Zwecken abschlie\u00dft, die \u00fcberwiegend weder ihrer gewerblichen noch ihrer selbst\u00e4ndigen beruflichen T\u00e4tigkeit zugerechnet werden k\u00f6nnen. 2. Vertragspartner [&hellip;]<\/p>\n","protected":false},"author":2,"featured_media":0,"parent":0,"menu_order":0,"comment_status":"closed","ping_status":"closed","template":"","meta":{"footnotes":""},"class_list":["post-130","page","type-page","status-publish","hentry"],"_links":{"self":[{"href":"https:\/\/selami-tv.com\/en\/wp-json\/wp\/v2\/pages\/130","targetHints":{"allow":["GET"]}}],"collection":[{"href":"https:\/\/selami-tv.com\/en\/wp-json\/wp\/v2\/pages"}],"about":[{"href":"https:\/\/selami-tv.com\/en\/wp-json\/wp\/v2\/types\/page"}],"author":[{"embeddable":true,"href":"https:\/\/selami-tv.com\/en\/wp-json\/wp\/v2\/users\/2"}],"replies":[{"embeddable":true,"href":"https:\/\/selami-tv.com\/en\/wp-json\/wp\/v2\/comments?post=130"}],"version-history":[{"count":10,"href":"https:\/\/selami-tv.com\/en\/wp-json\/wp\/v2\/pages\/130\/revisions"}],"predecessor-version":[{"id":1520,"href":"https:\/\/selami-tv.com\/en\/wp-json\/wp\/v2\/pages\/130\/revisions\/1520"}],"wp:attachment":[{"href":"https:\/\/selami-tv.com\/en\/wp-json\/wp\/v2\/media?parent=130"}],"curies":[{"name":"wp","href":"https:\/\/api.w.org\/{rel}","templated":true}]}}