{"id":132,"date":"2025-01-22T22:06:40","date_gmt":"2025-01-22T22:06:40","guid":{"rendered":"https:\/\/selami-tv.com\/?page_id=132"},"modified":"2026-03-18T18:47:40","modified_gmt":"2026-03-18T18:47:40","slug":"impressum","status":"publish","type":"page","link":"https:\/\/selami-tv.com\/tr\/impressum\/","title":{"rendered":"K\u00fcnye"},"content":{"rendered":"<h2 class=\"wp-block-heading\">Angaben gem\u00e4\u00df \u00a7 5 TMG<\/h2>\n\n\n\n<p>selami.tv GmbH<br>Kirchhofstra\u00dfe 2<br>42853 Remscheid<br>Almanya<\/p>\n\n\n\n<hr class=\"wp-block-separator has-alpha-channel-opacity\"\/>\n\n\n\n<h2 class=\"wp-block-heading\">Vertreten durch<\/h2>\n\n\n\n<p>Selami Cudri<br>Emine Nang<\/p>\n\n\n\n<hr class=\"wp-block-separator has-alpha-channel-opacity\"\/>\n\n\n\n<h2 class=\"wp-block-heading\">Ba\u011flant\u0131<\/h2>\n\n\n\n<p>Telefon: +49 176 25072448<br>E-Mail: <a>info@selami-tv.com<\/a><br>Website: <a href=\"https:\/\/selami-tv.com\/tr\/\">www.selami-tv.com<\/a><\/p>\n\n\n\n<hr class=\"wp-block-separator has-alpha-channel-opacity\"\/>\n\n\n\n<h2 class=\"wp-block-heading\">Steuernummer<\/h2>\n\n\n\n<p>Steuernummer: 131\/5806\/1214<\/p>\n\n\n\n<p>(Umsatzsteuer-ID : DE356925567)<\/p>\n\n\n\n<hr class=\"wp-block-separator has-alpha-channel-opacity\"\/>\n\n\n\n<h1 class=\"wp-block-heading\">EU-Streitschlichtung<\/h1>\n\n\n\n<p>Die Europ\u00e4ische Kommission stellt eine Plattform zur Online-Streitbeilegung (OS) bereit:<\/p>\n\n\n\n<p><a href=\"https:\/\/consumer-redress.ec.europa.eu\/index_en\">https:\/\/consumer-redress.ec.europa.eu\/index_en<\/a><\/p>\n\n\n\n<p>Unsere E-Mail-Adresse finden Sie oben im Impressum.<\/p>\n\n\n\n<p>Wir sind nicht verpflichtet und nicht bereit, an Streitbeilegungsverfahren vor einer Verbraucherschlichtungsstelle teilzunehmen.<\/p>\n\n\n\n<hr class=\"wp-block-separator has-alpha-channel-opacity\"\/>\n\n\n\n<h1 class=\"wp-block-heading\">Haftung f\u00fcr Inhalte<\/h1>\n\n\n\n<p>Als Diensteanbieter sind wir gem\u00e4\u00df \u00a7 7 Abs.1 des Digitale-Dienste-Gesetz f\u00fcr eigene Inhalte auf diesen Seiten nach den allgemeinen Gesetzen verantwortlich.<\/p>\n\n\n\n<p>Nach \u00a7\u00a7 8 bis 10 des Digitale-Dienste-Gesetz sind wir jedoch nicht verpflichtet, \u00fcbermittelte oder gespeicherte fremde Informationen zu \u00fcberwachen oder nach Umst\u00e4nden zu forschen, die auf eine rechtswidrige T\u00e4tigkeit hinweisen.<\/p>\n\n\n\n<p>Verpflichtungen zur Entfernung oder Sperrung der Nutzung von Informationen nach den allgemeinen Gesetzen bleiben hiervon unber\u00fchrt.<\/p>\n\n\n\n<p>Bei Bekanntwerden von entsprechenden Rechtsverletzungen werden wir diese Inhalte umgehend entfernen.<\/p>\n\n\n\n<hr class=\"wp-block-separator has-alpha-channel-opacity\"\/>\n\n\n\n<h1 class=\"wp-block-heading\">Haftung f\u00fcr Links<\/h1>\n\n\n\n<p>Unser Angebot enth\u00e4lt Links zu externen Websites Dritter, auf deren Inhalte wir keinen Einfluss haben.<\/p>\n\n\n\n<p>Deshalb k\u00f6nnen wir f\u00fcr diese fremden Inhalte auch keine Gew\u00e4hr \u00fcbernehmen. F\u00fcr die Inhalte der verlinkten Seiten ist stets der jeweilige Anbieter oder Betreiber der Seiten verantwortlich.<\/p>\n\n\n\n<p>Bei Bekanntwerden von Rechtsverletzungen werden wir derartige Links umgehend entfernen.<\/p>\n\n\n\n<hr class=\"wp-block-separator has-alpha-channel-opacity\"\/>\n\n\n\n<h1 class=\"wp-block-heading\">Urheberrecht<\/h1>\n\n\n\n<p>Die durch die Seitenbetreiber erstellten Inhalte und Werke auf diesen Seiten unterliegen dem deutschen Urheberrecht.<\/p>\n\n\n\n<p>Die Vervielf\u00e4ltigung, Bearbeitung, Verbreitung und jede Art der Verwertung au\u00dferhalb der Grenzen des Urheberrechts bed\u00fcrfen der schriftlichen Zustimmung des jeweiligen Autors bzw. Erstellers.<\/p>\n\n\n\n<p>Downloads und Kopien dieser Seite sind nur f\u00fcr den privaten, nicht kommerziellen Gebrauch gestattet.<\/p>\n\n\n\n<p>Soweit Inhalte auf dieser Seite nicht vom Betreiber erstellt wurden, werden die Urheberrechte Dritter beachtet.<\/p>\n\n\n\n<p>Sollten Sie trotzdem auf eine Urheberrechtsverletzung aufmerksam werden, bitten wir um einen entsprechenden Hinweis. Bei Bekanntwerden von Rechtsverletzungen werden wir diese Inhalte umgehend entfernen.<\/p>","protected":false},"excerpt":{"rendered":"<p>Angaben gem\u00e4\u00df \u00a7 5 TMG selami.tv GmbHKirchhofstra\u00dfe 242853 RemscheidDeutschland Vertreten durch Selami CudriEmine Nang Kontakt Telefon: +49 176 25072448E-Mail: info@selami-tv.comWebsite: www.selami-tv.com Steuernummer Steuernummer: 131\/5806\/1214 (Umsatzsteuer-ID : DE356925567) EU-Streitschlichtung Die Europ\u00e4ische Kommission stellt eine Plattform zur Online-Streitbeilegung (OS) bereit: https:\/\/consumer-redress.ec.europa.eu\/index_en Unsere E-Mail-Adresse finden Sie oben im Impressum. Wir sind nicht verpflichtet und nicht bereit, an Streitbeilegungsverfahren [&hellip;]<\/p>\n","protected":false},"author":2,"featured_media":0,"parent":0,"menu_order":0,"comment_status":"closed","ping_status":"closed","template":"","meta":{"footnotes":""},"class_list":["post-132","page","type-page","status-publish","hentry"],"_links":{"self":[{"href":"https:\/\/selami-tv.com\/tr\/wp-json\/wp\/v2\/pages\/132","targetHints":{"allow":["GET"]}}],"collection":[{"href":"https:\/\/selami-tv.com\/tr\/wp-json\/wp\/v2\/pages"}],"about":[{"href":"https:\/\/selami-tv.com\/tr\/wp-json\/wp\/v2\/types\/page"}],"author":[{"embeddable":true,"href":"https:\/\/selami-tv.com\/tr\/wp-json\/wp\/v2\/users\/2"}],"replies":[{"embeddable":true,"href":"https:\/\/selami-tv.com\/tr\/wp-json\/wp\/v2\/comments?post=132"}],"version-history":[{"count":7,"href":"https:\/\/selami-tv.com\/tr\/wp-json\/wp\/v2\/pages\/132\/revisions"}],"predecessor-version":[{"id":1545,"href":"https:\/\/selami-tv.com\/tr\/wp-json\/wp\/v2\/pages\/132\/revisions\/1545"}],"wp:attachment":[{"href":"https:\/\/selami-tv.com\/tr\/wp-json\/wp\/v2\/media?parent=132"}],"curies":[{"name":"wp","href":"https:\/\/api.w.org\/{rel}","templated":true}]}}