{"id":16,"date":"2025-01-27T05:14:42","date_gmt":"2025-01-27T05:14:42","guid":{"rendered":"https:\/\/selami-tv.com\/?page_id=16"},"modified":"2026-03-18T18:48:34","modified_gmt":"2026-03-18T18:48:34","slug":"widerrufsrecht","status":"publish","type":"page","link":"https:\/\/selami-tv.com\/tr\/widerrufsrecht\/","title":{"rendered":"Cayma hakk\u0131"},"content":{"rendered":"\n<p>Widerrufsbelehrung<\/p>\n\n\n\n<h2 class=\"wp-block-heading\">Widerrufsrecht<\/h2>\n\n\n\n<p>Sie haben das Recht, binnen <strong>14 Tagen ohne Angabe von Gr\u00fcnden<\/strong> diesen Vertrag zu widerrufen.<\/p>\n\n\n\n<p>Die Widerrufsfrist betr\u00e4gt <strong>14 Tage ab dem Tag<\/strong>,<br>an dem Sie oder ein von Ihnen benannter Dritter, der nicht der Bef\u00f6rderer ist, die Waren in Besitz genommen haben bzw. hat.<\/p>\n\n\n\n<p>Um Ihr Widerrufsrecht auszu\u00fcben, m\u00fcssen Sie uns<\/p>\n\n\n\n<p>selami.tv GmbH<br>Kirchhofstra\u00dfe 2<br>42853 Remscheid<br>Deutschland<\/p>\n\n\n\n<p>E-Mail: [info@selami-tv.com]<\/p>\n\n\n\n<p>mittels einer <strong>eindeutigen Erkl\u00e4rung<\/strong> (z. B. ein mit der Post versandter Brief oder eine E-Mail) \u00fcber Ihren Entschluss, diesen Vertrag zu widerrufen, informieren.<\/p>\n\n\n\n<p>Sie k\u00f6nnen daf\u00fcr das unten beigef\u00fcgte <strong>Muster-Widerrufsformular<\/strong> verwenden, das jedoch nicht vorgeschrieben ist.<\/p>\n\n\n\n<hr class=\"wp-block-separator has-alpha-channel-opacity\"\/>\n\n\n\n<h1 class=\"wp-block-heading\">Folgen des Widerrufs<\/h1>\n\n\n\n<p>Wenn Sie diesen Vertrag widerrufen, haben wir Ihnen alle Zahlungen, die wir von Ihnen erhalten haben, einschlie\u00dflich der Lieferkosten (mit Ausnahme der zus\u00e4tzlichen Kosten, die sich daraus ergeben, dass Sie eine andere Art der Lieferung als die von uns angebotene g\u00fcnstigste Standardlieferung gew\u00e4hlt haben), <strong>unverz\u00fcglich und sp\u00e4testens binnen 14 Tagen<\/strong> ab dem Tag zur\u00fcckzuzahlen, an dem die Mitteilung \u00fcber Ihren Widerruf dieses Vertrags bei uns eingegangen ist.<\/p>\n\n\n\n<p>F\u00fcr diese R\u00fcckzahlung verwenden wir <strong>dasselbe Zahlungsmittel<\/strong>, das Sie bei der urspr\u00fcnglichen Transaktion eingesetzt haben, es sei denn, mit Ihnen wurde ausdr\u00fccklich etwas anderes vereinbart.<\/p>\n\n\n\n<p>In keinem Fall werden Ihnen wegen dieser R\u00fcckzahlung <strong>Entgelte berechnet<\/strong>.<\/p>\n\n\n\n<p>Wir k\u00f6nnen die R\u00fcckzahlung <strong>verweigern<\/strong>, bis wir die Waren wieder zur\u00fcckerhalten haben oder bis Sie den Nachweis erbracht haben, dass Sie die Waren zur\u00fcckgesandt haben \u2013 je nachdem, welches der fr\u00fchere Zeitpunkt ist.<\/p>\n\n\n\n<p>Sie haben die Waren <strong>unverz\u00fcglich und in jedem Fall sp\u00e4testens binnen 14 Tagen<\/strong> ab dem Tag, an dem Sie uns \u00fcber den Widerruf dieses Vertrags unterrichten, an uns zur\u00fcckzusenden oder zu \u00fcbergeben.<\/p>\n\n\n\n<p>Die Frist ist gewahrt, wenn Sie die Waren vor Ablauf der Frist von 14 Tagen absenden.<\/p>\n\n\n\n<p><strong>Sie tragen die unmittelbaren Kosten der R\u00fccksendung der Waren.<\/strong><\/p>\n\n\n\n<p>Sie m\u00fcssen f\u00fcr einen etwaigen <strong>Wertverlust der Waren<\/strong> nur aufkommen, wenn dieser Wertverlust auf einen zur Pr\u00fcfung der Beschaffenheit, Eigenschaften und Funktionsweise der Waren <strong>nicht notwendigen Umgang<\/strong> mit ihnen zur\u00fcckzuf\u00fchren ist.<\/p>\n\n\n\n<hr class=\"wp-block-separator has-alpha-channel-opacity\"\/>\n\n\n\n<h1 class=\"wp-block-heading\">Muster-Widerrufsformular<\/h1>\n\n\n\n<p>(Wenn Sie den Vertrag widerrufen wollen, dann f\u00fcllen Sie bitte dieses Formular aus und senden Sie es zur\u00fcck.)<\/p>\n\n\n\n<p>An:<\/p>\n\n\n\n<p>selami.tv GmbH<br>Kirchhofstra\u00dfe 2<br>42853 Remscheid<br>Deutschland<\/p>\n\n\n\n<p>E-Mail: [E-Mail-Adresse]<\/p>\n\n\n\n<p>Hiermit widerrufe(n) ich\/wir (<em>) den von mir\/uns (<\/em>) abgeschlossenen Vertrag \u00fcber den Kauf der folgenden Waren:<\/p>\n\n\n\n<p>Bestellt am (<em>) \/ erhalten am (<\/em>)<\/p>\n\n\n\n<p>Name des\/der Verbraucher(s)<\/p>\n\n\n\n<p>Anschrift des\/der Verbraucher(s)<\/p>\n\n\n\n<p>Unterschrift des\/der Verbraucher(s) (nur bei Mitteilung auf Papier)<\/p>\n\n\n\n<p>Datum<\/p>\n\n\n\n<p>(*) Unzutreffendes streichen<\/p>\n\n\n\n<div class=\"wp-block-buttons is-layout-flex wp-block-buttons-is-layout-flex\">\n<div class=\"wp-block-button is-style-fill\"><a class=\"wp-block-button__link has-white-color has-text-color has-background has-link-color wp-element-button\" href=\"https:\/\/selami-tv.com\/wp-content\/uploads\/2025\/01\/Widerrufsformular-ab-28.05.2022.pdf\" style=\"background-color:#ea4a79\" download>Download Muster<\/a><\/div>\n<\/div>\n\n\n\n<p><\/p>\n","protected":false},"excerpt":{"rendered":"<p>Widerrufsbelehrung Widerrufsrecht Sie haben das Recht, binnen 14 Tagen ohne Angabe von Gr\u00fcnden diesen Vertrag zu widerrufen. Die Widerrufsfrist betr\u00e4gt 14 Tage ab dem Tag,an dem Sie oder ein von Ihnen benannter Dritter, der nicht der Bef\u00f6rderer ist, die Waren in Besitz genommen haben bzw. hat. Um Ihr Widerrufsrecht auszu\u00fcben, m\u00fcssen Sie uns selami.tv GmbHKirchhofstra\u00dfe [&hellip;]<\/p>\n","protected":false},"author":2,"featured_media":0,"parent":0,"menu_order":0,"comment_status":"closed","ping_status":"closed","template":"","meta":{"footnotes":""},"class_list":["post-16","page","type-page","status-publish","hentry"],"_links":{"self":[{"href":"https:\/\/selami-tv.com\/tr\/wp-json\/wp\/v2\/pages\/16","targetHints":{"allow":["GET"]}}],"collection":[{"href":"https:\/\/selami-tv.com\/tr\/wp-json\/wp\/v2\/pages"}],"about":[{"href":"https:\/\/selami-tv.com\/tr\/wp-json\/wp\/v2\/types\/page"}],"author":[{"embeddable":true,"href":"https:\/\/selami-tv.com\/tr\/wp-json\/wp\/v2\/users\/2"}],"replies":[{"embeddable":true,"href":"https:\/\/selami-tv.com\/tr\/wp-json\/wp\/v2\/comments?post=16"}],"version-history":[{"count":9,"href":"https:\/\/selami-tv.com\/tr\/wp-json\/wp\/v2\/pages\/16\/revisions"}],"predecessor-version":[{"id":1546,"href":"https:\/\/selami-tv.com\/tr\/wp-json\/wp\/v2\/pages\/16\/revisions\/1546"}],"wp:attachment":[{"href":"https:\/\/selami-tv.com\/tr\/wp-json\/wp\/v2\/media?parent=16"}],"curies":[{"name":"wp","href":"https:\/\/api.w.org\/{rel}","templated":true}]}}