{"id":3,"date":"2025-01-15T19:10:57","date_gmt":"2025-01-15T19:10:57","guid":{"rendered":"http:\/\/selami-tv.com\/?page_id=3"},"modified":"2026-03-16T11:04:24","modified_gmt":"2026-03-16T11:04:24","slug":"datenschutz","status":"publish","type":"page","link":"https:\/\/selami-tv.com\/tr\/datenschutz\/","title":{"rendered":"Gizlilik"},"content":{"rendered":"\n<h1 class=\"wp-block-heading\">Datenschutzerkl\u00e4rung<\/h1>\n\n\n\n<h2 class=\"wp-block-heading\">1. Allgemeine Hinweise<\/h2>\n\n\n\n<p>Der Schutz Ihrer pers\u00f6nlichen Daten ist uns ein besonderes Anliegen. Wir behandeln Ihre personenbezogenen Daten vertraulich und entsprechend der gesetzlichen Datenschutzvorschriften, insbesondere der Datenschutz\u2011Grundverordnung (DSGVO) und des Bundesdatenschutzgesetz (BDSG).<\/p>\n\n\n\n<p>Diese Datenschutzerkl\u00e4rung informiert Sie dar\u00fcber, welche personenbezogenen Daten wir auf unserer Website erheben und wie wir diese verwenden.<\/p>\n\n\n\n<hr class=\"wp-block-separator has-alpha-channel-opacity\"\/>\n\n\n\n<h1 class=\"wp-block-heading\">2. Verantwortlicher f\u00fcr die Datenverarbeitung<\/h1>\n\n\n\n<p>Verantwortlicher im Sinne der DSGVO ist:<\/p>\n\n\n\n<p>Selami TV<br>c\/o COCENTER<br>Koppoldstra\u00dfe 1<br>86551 Aichach<br>Deutschland<\/p>\n\n\n\n<p>E-Mail: [E-Mail-Adresse eintragen]<\/p>\n\n\n\n<hr class=\"wp-block-separator has-alpha-channel-opacity\"\/>\n\n\n\n<h1 class=\"wp-block-heading\">3. Hosting<\/h1>\n\n\n\n<p>Unsere Website wird bei einem externen Dienstleister gehostet (Hosting-Anbieter). Personenbezogene Daten, die auf dieser Website erfasst werden, werden auf den Servern des Hosters gespeichert.<\/p>\n\n\n\n<p>Hierbei kann es sich insbesondere handeln um:<\/p>\n\n\n\n<ul class=\"wp-block-list\">\n<li>IP-Adressen<\/li>\n\n\n\n<li>Meta- und Kommunikationsdaten<\/li>\n\n\n\n<li>Websitezugriffe<\/li>\n\n\n\n<li>sonstige Daten, die \u00fcber eine Website generiert werden<\/li>\n<\/ul>\n\n\n\n<p>Der Einsatz des Hosters erfolgt zum Zwecke der Vertragserf\u00fcllung gegen\u00fcber unseren potenziellen und bestehenden Kunden (Art. 6 Abs. 1 lit. b DSGVO) sowie im Interesse einer sicheren, schnellen und effizienten Bereitstellung unseres Online-Angebots (Art. 6 Abs. 1 lit. f DSGVO).<\/p>\n\n\n\n<p>Mit dem Hosting-Anbieter besteht ein Vertrag zur Auftragsverarbeitung gem\u00e4\u00df Art. 28 DSGVO.<\/p>\n\n\n\n<hr class=\"wp-block-separator has-alpha-channel-opacity\"\/>\n\n\n\n<h1 class=\"wp-block-heading\">4. Erhebung und Speicherung personenbezogener Daten beim Besuch der Website<\/h1>\n\n\n\n<p>Beim Aufrufen unserer Website werden automatisch Informationen durch den Browser Ihres Endger\u00e4ts an unseren Server \u00fcbermittelt. Diese Informationen werden tempor\u00e4r in sogenannten Server-Logfiles gespeichert.<\/p>\n\n\n\n<p>Erfasst werden k\u00f6nnen:<\/p>\n\n\n\n<ul class=\"wp-block-list\">\n<li>IP-Adresse des anfragenden Rechners<\/li>\n\n\n\n<li>Datum und Uhrzeit des Zugriffs<\/li>\n\n\n\n<li>Name und URL der abgerufenen Datei<\/li>\n\n\n\n<li>Website, von der aus der Zugriff erfolgt<\/li>\n\n\n\n<li>verwendeter Browser und Betriebssystem<\/li>\n<\/ul>\n\n\n\n<p>Die Verarbeitung erfolgt auf Grundlage von Art. 6 Abs. 1 lit. f DSGVO.<\/p>\n\n\n\n<p>Unser berechtigtes Interesse ergibt sich aus:<\/p>\n\n\n\n<ul class=\"wp-block-list\">\n<li>Gew\u00e4hrleistung eines reibungslosen Verbindungsaufbaus<\/li>\n\n\n\n<li>Gew\u00e4hrleistung der Systemsicherheit und Stabilit\u00e4t<\/li>\n\n\n\n<li>Auswertung der Systemsicherheit<\/li>\n<\/ul>\n\n\n\n<hr class=\"wp-block-separator has-alpha-channel-opacity\"\/>\n\n\n\n<h1 class=\"wp-block-heading\">5. Cookies<\/h1>\n\n\n\n<p>Unsere Website verwendet Cookies. Cookies sind kleine Textdateien, die auf Ihrem Endger\u00e4t gespeichert werden.<\/p>\n\n\n\n<p>Es gibt zwei Arten von Cookies:<\/p>\n\n\n\n<h3 class=\"wp-block-heading\">Technisch notwendige Cookies<\/h3>\n\n\n\n<p>Diese sind erforderlich, damit die Website korrekt funktioniert.<\/p>\n\n\n\n<p>Rechtsgrundlage:<br>Art. 6 Abs. 1 lit. f DSGVO<\/p>\n\n\n\n<h3 class=\"wp-block-heading\">Optionale Cookies (Tracking \/ Marketing)<\/h3>\n\n\n\n<p>Diese Cookies werden nur mit Ihrer Einwilligung gesetzt.<\/p>\n\n\n\n<p>Rechtsgrundlage:<br>Art. 6 Abs. 1 lit. a DSGVO<\/p>\n\n\n\n<p>Sie k\u00f6nnen Ihre Einwilligung jederzeit \u00fcber das Cookie-Banner widerrufen.<\/p>\n\n\n\n<hr class=\"wp-block-separator has-alpha-channel-opacity\"\/>\n\n\n\n<h1 class=\"wp-block-heading\">6. Cookie-Consent-Tool<\/h1>\n\n\n\n<p>Zur Verwaltung Ihrer Einwilligungen verwenden wir ein Cookie-Consent-Tool. Dieses speichert Ihre Cookie-Einstellungen.<\/p>\n\n\n\n<p>Verarbeitete Daten k\u00f6nnen sein:<\/p>\n\n\n\n<ul class=\"wp-block-list\">\n<li>IP-Adresse<\/li>\n\n\n\n<li>Einwilligungsstatus<\/li>\n\n\n\n<li>Zeitpunkt der Einwilligung<\/li>\n<\/ul>\n\n\n\n<p>Rechtsgrundlage: Art. 6 Abs. 1 lit. c DSGVO.<\/p>\n\n\n\n<hr class=\"wp-block-separator has-alpha-channel-opacity\"\/>\n\n\n\n<h1 class=\"wp-block-heading\">7. Google Analytics<\/h1>\n\n\n\n<p>Diese Website nutzt den Webanalysedienst Google Analytics der Google Ireland Limited.<\/p>\n\n\n\n<p>Google Analytics verwendet Cookies, die eine Analyse der Benutzung der Website erm\u00f6glichen.<\/p>\n\n\n\n<p>Wir verwenden Google Analytics mit aktivierter <strong>IP-Anonymisierung<\/strong>. Dadurch wird Ihre IP-Adresse innerhalb der EU gek\u00fcrzt.<\/p>\n\n\n\n<p>Die erzeugten Informationen k\u00f6nnen an Server von Google LLC in den USA \u00fcbertragen werden.<\/p>\n\n\n\n<p>Rechtsgrundlage:<br>Art. 6 Abs. 1 lit. a DSGVO (Einwilligung)<\/p>\n\n\n\n<p>Sie k\u00f6nnen die Speicherung der Cookies durch eine entsprechende Einstellung Ihrer Browser-Software verhindern.<\/p>\n\n\n\n<hr class=\"wp-block-separator has-alpha-channel-opacity\"\/>\n\n\n\n<h1 class=\"wp-block-heading\">8. Datenverarbeitung bei Bestellungen im Onlineshop<\/h1>\n\n\n\n<p>Wenn Sie in unserem Onlineshop bestellen, verarbeiten wir personenbezogene Daten zur Vertragsabwicklung.<\/p>\n\n\n\n<p>Verarbeitete Daten:<\/p>\n\n\n\n<ul class=\"wp-block-list\">\n<li>Vorname und Nachname<\/li>\n\n\n\n<li>Rechnungs- und Lieferadresse<\/li>\n\n\n\n<li>E-Mail-Adresse<\/li>\n\n\n\n<li>Zahlungsdaten<\/li>\n\n\n\n<li>Bestelldaten<\/li>\n<\/ul>\n\n\n\n<p>Rechtsgrundlage:<br>Art. 6 Abs. 1 lit. b DSGVO.<\/p>\n\n\n\n<p>Die Daten werden nur an Dritte weitergegeben, soweit dies zur Vertragserf\u00fcllung notwendig ist.<\/p>\n\n\n\n<hr class=\"wp-block-separator has-alpha-channel-opacity\"\/>\n\n\n\n<h1 class=\"wp-block-heading\">9. Zahlungsdienstleister<\/h1>\n\n\n\n<p>F\u00fcr die Abwicklung von Zahlungen nutzen wir externe Zahlungsanbieter.<\/p>\n\n\n\n<h3 class=\"wp-block-heading\">PayPal<\/h3>\n\n\n\n<p>Bei Zahlung via PayPal werden Ihre Zahlungsdaten an<br>PayPal (Europe) S.\u00e0 r.l. et Cie, S.C.A. \u00fcbermittelt.<\/p>\n\n\n\n<p>Rechtsgrundlage:<br>Art. 6 Abs. 1 lit. b DSGVO.<\/p>\n\n\n\n<hr class=\"wp-block-separator has-alpha-channel-opacity\"\/>\n\n\n\n<h1 class=\"wp-block-heading\">10. Versanddienstleister<\/h1>\n\n\n\n<p>Zur Lieferung von Waren geben wir Ihre Daten an Versandunternehmen weiter, z. B.:<\/p>\n\n\n\n<ul class=\"wp-block-list\">\n<li>DHL<\/li>\n\n\n\n<li>andere Versanddienstleister<\/li>\n<\/ul>\n\n\n\n<p>\u00dcbermittelt werden:<\/p>\n\n\n\n<ul class=\"wp-block-list\">\n<li>Name<\/li>\n\n\n\n<li>Lieferadresse<\/li>\n<\/ul>\n\n\n\n<p>Rechtsgrundlage:<br>Art. 6 Abs. 1 lit. b DSGVO.<\/p>\n\n\n\n<hr class=\"wp-block-separator has-alpha-channel-opacity\"\/>\n\n\n\n<h1 class=\"wp-block-heading\">11. Newsletter<\/h1>\n\n\n\n<p>Wenn Sie sich f\u00fcr unseren Newsletter anmelden, verwenden wir Ihre E-Mail-Adresse ausschlie\u00dflich f\u00fcr den Versand des Newsletters.<\/p>\n\n\n\n<p>Rechtsgrundlage:<br>Art. 6 Abs. 1 lit. a DSGVO (Einwilligung)<\/p>\n\n\n\n<p>Sie k\u00f6nnen den Newsletter jederzeit \u00fcber den Abmeldelink im Newsletter abbestellen.<\/p>\n\n\n\n<hr class=\"wp-block-separator has-alpha-channel-opacity\"\/>\n\n\n\n<h1 class=\"wp-block-heading\">12. Kontaktformular<\/h1>\n\n\n\n<p>Wenn Sie uns \u00fcber ein Kontaktformular kontaktieren, werden Ihre Angaben zur Bearbeitung Ihrer Anfrage gespeichert.<\/p>\n\n\n\n<p>Verarbeitete Daten:<\/p>\n\n\n\n<ul class=\"wp-block-list\">\n<li>Name<\/li>\n\n\n\n<li>E-Mail-Adresse<\/li>\n\n\n\n<li>Nachricht<\/li>\n<\/ul>\n\n\n\n<p>Rechtsgrundlage:<br>Art. 6 Abs. 1 lit. b DSGVO.<\/p>\n\n\n\n<hr class=\"wp-block-separator has-alpha-channel-opacity\"\/>\n\n\n\n<h1 class=\"wp-block-heading\">13. Speicherdauer<\/h1>\n\n\n\n<p>Wir speichern personenbezogene Daten nur so lange, wie dies zur Erf\u00fcllung der jeweiligen Zwecke erforderlich ist oder gesetzliche Aufbewahrungsfristen bestehen.<\/p>\n\n\n\n<p>Steuer- und handelsrechtliche Aufbewahrungsfristen betragen in der Regel bis zu 10 Jahre.<\/p>\n\n\n\n<hr class=\"wp-block-separator has-alpha-channel-opacity\"\/>\n\n\n\n<h1 class=\"wp-block-heading\">14. Datensicherheit<\/h1>\n\n\n\n<p>Diese Website nutzt eine <strong>SSL- bzw. TLS-Verschl\u00fcsselung<\/strong>, um \u00fcbertragene Inhalte zu sch\u00fctzen.<\/p>\n\n\n\n<hr class=\"wp-block-separator has-alpha-channel-opacity\"\/>\n\n\n\n<h1 class=\"wp-block-heading\">15. Ihre Rechte<\/h1>\n\n\n\n<p>Sie haben folgende Rechte gem\u00e4\u00df DSGVO:<\/p>\n\n\n\n<ul class=\"wp-block-list\">\n<li>Auskunft (Art. 15 DSGVO)<\/li>\n\n\n\n<li>Berichtigung (Art. 16 DSGVO)<\/li>\n\n\n\n<li>L\u00f6schung (Art. 17 DSGVO)<\/li>\n\n\n\n<li>Einschr\u00e4nkung der Verarbeitung (Art. 18 DSGVO)<\/li>\n\n\n\n<li>Daten\u00fcbertragbarkeit (Art. 20 DSGVO)<\/li>\n\n\n\n<li>Widerspruch gegen die Verarbeitung (Art. 21 DSGVO)<\/li>\n<\/ul>\n\n\n\n<hr class=\"wp-block-separator has-alpha-channel-opacity\"\/>\n\n\n\n<h1 class=\"wp-block-heading\">16. Beschwerderecht<\/h1>\n\n\n\n<p>Sie haben das Recht, sich bei einer Datenschutz-Aufsichtsbeh\u00f6rde zu beschweren.<\/p>\n\n\n\n<p>Zust\u00e4ndig ist beispielsweise der<br>Landesbeauftragte f\u00fcr Datenschutz Nordrhein\u2011Westfalen.<\/p>\n\n\n\n<hr class=\"wp-block-separator has-alpha-channel-opacity\"\/>\n\n\n\n<h1 class=\"wp-block-heading\">17. Widerruf Ihrer Einwilligung<\/h1>\n\n\n\n<p>Sie k\u00f6nnen eine erteilte Einwilligung jederzeit mit Wirkung f\u00fcr die Zukunft widerrufen.<\/p>\n\n\n\n<hr class=\"wp-block-separator has-alpha-channel-opacity\"\/>\n\n\n\n<h1 class=\"wp-block-heading\">18. Aktualit\u00e4t der Datenschutzerkl\u00e4rung<\/h1>\n\n\n\n<p>Diese Datenschutzerkl\u00e4rung hat den Stand:<\/p>\n\n\n\n<p><strong>M\u00e4rz 2026<\/strong><\/p>\n\n\n\n<p>Wir behalten uns vor, sie anzupassen, um sie an ge\u00e4nderte Rechtslagen oder bei \u00c4nderungen unserer Leistungen anzupassen.<\/p>\n","protected":false},"excerpt":{"rendered":"<p>Datenschutzerkl\u00e4rung 1. Allgemeine Hinweise Der Schutz Ihrer pers\u00f6nlichen Daten ist uns ein besonderes Anliegen. Wir behandeln Ihre personenbezogenen Daten vertraulich und entsprechend der gesetzlichen Datenschutzvorschriften, insbesondere der Datenschutz\u2011Grundverordnung (DSGVO) und des Bundesdatenschutzgesetz (BDSG). Diese Datenschutzerkl\u00e4rung informiert Sie dar\u00fcber, welche personenbezogenen Daten wir auf unserer Website erheben und wie wir diese verwenden. 2. Verantwortlicher f\u00fcr die [&hellip;]<\/p>\n","protected":false},"author":2,"featured_media":0,"parent":0,"menu_order":0,"comment_status":"closed","ping_status":"closed","template":"","meta":{"footnotes":""},"class_list":["post-3","page","type-page","status-publish","hentry"],"_links":{"self":[{"href":"https:\/\/selami-tv.com\/tr\/wp-json\/wp\/v2\/pages\/3","targetHints":{"allow":["GET"]}}],"collection":[{"href":"https:\/\/selami-tv.com\/tr\/wp-json\/wp\/v2\/pages"}],"about":[{"href":"https:\/\/selami-tv.com\/tr\/wp-json\/wp\/v2\/types\/page"}],"author":[{"embeddable":true,"href":"https:\/\/selami-tv.com\/tr\/wp-json\/wp\/v2\/users\/2"}],"replies":[{"embeddable":true,"href":"https:\/\/selami-tv.com\/tr\/wp-json\/wp\/v2\/comments?post=3"}],"version-history":[{"count":3,"href":"https:\/\/selami-tv.com\/tr\/wp-json\/wp\/v2\/pages\/3\/revisions"}],"predecessor-version":[{"id":1516,"href":"https:\/\/selami-tv.com\/tr\/wp-json\/wp\/v2\/pages\/3\/revisions\/1516"}],"wp:attachment":[{"href":"https:\/\/selami-tv.com\/tr\/wp-json\/wp\/v2\/media?parent=3"}],"curies":[{"name":"wp","href":"https:\/\/api.w.org\/{rel}","templated":true}]}}