{"id":1496,"date":"2024-03-16T09:45:38","date_gmt":"2024-03-16T09:45:38","guid":{"rendered":"https:\/\/selami-tv.com\/?post_type=product&#038;p=1496"},"modified":"2026-03-21T19:46:17","modified_gmt":"2026-03-21T19:46:17","slug":"hopping-queen-bag","status":"publish","type":"product","link":"https:\/\/selami-tv.com\/tr\/urun\/hopping-queen-bag\/","title":{"rendered":"$HOPPING QU\u20ac\u20acN Bag"},"content":{"rendered":"<p>Diese hochwertige Stofftragetasche ist viel mehr als ein Einkaufsbegleiter \u2013 sie ist ein St\u00fcck Community-Geschichte und unsere aller erste Kreation.<\/p>\n<p>Auf der einen Seite: unsere beliebte $HOPPING QU\u20ac\u20acN, inspiriert von Mutti \u2013 der echten K\u00f6nigin unter den Schn\u00e4ppchenj\u00e4gerinnen.<br \/>\nAuf der anderen Seite: der legend\u00e4re Mmm Lecker-Schriftzug.<\/p>\n<p>Entstanden auf Wunsch der Community und mit viel Liebe umgesetzt, steht sie f\u00fcr Zusammenhalt, Humor und das, was selami.tv ausmacht \u2013 N\u00e4he, Echtheit und Lebensfreude.<\/p>\n<p>Und ganz ehrlich \u2013 eine Einkaufstasche kann jeder haben. Aber eine Stofftragetasche der $HOPPING QU\u20ac\u20acN h\u00f6chstpers\u00f6nlich? Das ist Lifestyle pur.<\/p>\n<p>Erh\u00e4ltlich in Schwarz, Beige und Grau<\/p>","protected":false},"excerpt":{"rendered":"<p>Zaubert ein L\u00e4cheln \u2013 bei dir und allen, die sie sehen.<\/p>","protected":false},"featured_media":1609,"template":"","meta":[],"product_brand":[],"product_cat":[25],"product_tag":[],"class_list":{"0":"post-1496","1":"product","2":"type-product","3":"status-publish","4":"has-post-thumbnail","6":"product_cat-shopping-bag","7":"product_shipping_class-standard","8":"pa_farbe-beige","9":"pa_farbe-grau","10":"pa_farbe-schwarz","12":"first","13":"instock","14":"sale","15":"taxable","16":"shipping-taxable","17":"purchasable","18":"product-type-variable","19":"has-default-attributes"},"_links":{"self":[{"href":"https:\/\/selami-tv.com\/tr\/wp-json\/wp\/v2\/product\/1496","targetHints":{"allow":["GET"]}}],"collection":[{"href":"https:\/\/selami-tv.com\/tr\/wp-json\/wp\/v2\/product"}],"about":[{"href":"https:\/\/selami-tv.com\/tr\/wp-json\/wp\/v2\/types\/product"}],"wp:featuredmedia":[{"embeddable":true,"href":"https:\/\/selami-tv.com\/tr\/wp-json\/wp\/v2\/media\/1609"}],"wp:attachment":[{"href":"https:\/\/selami-tv.com\/tr\/wp-json\/wp\/v2\/media?parent=1496"}],"wp:term":[{"taxonomy":"product_brand","embeddable":true,"href":"https:\/\/selami-tv.com\/tr\/wp-json\/wp\/v2\/product_brand?post=1496"},{"taxonomy":"product_cat","embeddable":true,"href":"https:\/\/selami-tv.com\/tr\/wp-json\/wp\/v2\/product_cat?post=1496"},{"taxonomy":"product_tag","embeddable":true,"href":"https:\/\/selami-tv.com\/tr\/wp-json\/wp\/v2\/product_tag?post=1496"}],"curies":[{"name":"wp","href":"https:\/\/api.w.org\/{rel}","templated":true}]}}